{"id":2521,"date":"2016-05-19T06:57:34","date_gmt":"2016-05-19T06:57:34","guid":{"rendered":"https:\/\/adwanchem.clearvision.com.sa\/?page_id=2521"},"modified":"2023-03-16T08:51:04","modified_gmt":"2023-03-16T08:51:04","slug":"a-propos-de-nous","status":"publish","type":"page","link":"https:\/\/adwanchem.com\/fr\/a-propos-de-nous\/","title":{"rendered":"\u00c0 propos de la soci\u00e9t\u00e9"},"content":{"rendered":"<p>[vc_row layout=\u00a0\u00bbcontainer\u00a0\u00bb equal_height=\u00a0\u00bbyes\u00a0\u00bb el_class=\u00a0\u00bbmg-bottom-90 sm-mg-bottom-60&Prime;][vc_column width=\u00a0\u00bb1\/2&Prime; el_class=\u00a0\u00bbcol-lg-6 col-md-12&Prime; css=\u00a0\u00bb.vc_custom_1664710678732{margin-top: 10px !important;}\u00a0\u00bb][g5plus_heading title=\u00a0\u00bb\u00c0 PROPOS DE LA SOCI\u00c9T\u00c9\u00a0\u00bb align=\u00a0\u00bbtext-left\u00a0\u00bb css=\u00a0\u00bb.vc_custom_1678956621289{margin-top: 40px !important;}\u00a0\u00bb][vc_column_text el_class=\u00a0\u00bbmg-bottom-30 sm-mg-bottom-30&Prime;]<\/p>\n<div style=\"text-align: justify;\"><strong>Adwan Chemical Industries Co. Ltd. (ACIC) <\/strong>La soci\u00e9t\u00e9 Adwan pour les productions chimiques est l\u2019une des soci\u00e9t\u00e9s du groupe Adwan, fond\u00e9e en <strong>1992<\/strong>, les usines de la soci\u00e9t\u00e9 sont situ\u00e9es dans les villes de Riadh et Dammam en Arabie Saoudite <strong>l\u2019activit\u00e9 de la soci\u00e9t\u00e9<\/strong> repose sur l\u2019exploitation de deux types de ressources naturelles qui existent en abondance en Arabie Saoudite, se sont l\u2019\u00e9nergie p\u00e9troli\u00e8re et le sable de silice blanc d\u2019une grande puret\u00e9, afin de produire diff\u00e9rents niveaux de sable de silice industriel, le sable bitumineux et gazeux, ainsi que la poudre de silice et le silicate de sodium<\/div>\n<p>[\/vc_column_text][\/vc_column][vc_column width=\u00a0\u00bb1\/2&Prime; el_class=\u00a0\u00bbcol-lg-6 col-md-12&Prime;][vc_single_image image=\u00a0\u00bb2322&Prime; img_size=\u00a0\u00bbfull\u00a0\u00bb alignment=\u00a0\u00bbcenter\u00a0\u00bb][\/vc_column][\/vc_row][vc_row layout=\u00a0\u00bbcontainer\u00a0\u00bb equal_height=\u00a0\u00bbyes\u00a0\u00bb el_class=\u00a0\u00bbmg-bottom-90 sm-mg-bottom-60&Prime;][vc_column width=\u00a0\u00bb1\/2&Prime; el_class=\u00a0\u00bbcol-lg-6 col-md-12&Prime;][vc_single_image image=\u00a0\u00bb2323&Prime; img_size=\u00a0\u00bbfull\u00a0\u00bb alignment=\u00a0\u00bbcenter\u00a0\u00bb][\/vc_column][vc_column width=\u00a0\u00bb1\/2&Prime; el_class=\u00a0\u00bbcol-lg-6 col-md-12&Prime; css=\u00a0\u00bb.vc_custom_1664710708861{margin-top: 70px !important;}\u00a0\u00bb][g5plus_heading title=\u00a0\u00bbCe qui nous distingue\u00a0\u00bb align=\u00a0\u00bbtext-left\u00a0\u00bb][vc_column_text el_class=\u00a0\u00bbmg-bottom-30 sm-mg-bottom-30&Prime;]<\/p>\n<div style=\"text-align: justify;\">Notre entreprise investit principalement dans des comp\u00e9tences techniques qualifi\u00e9es et des technologies de pointe pour produire des produits de haute qualit\u00e9 qui r\u00e9pondent aux besoins de nos clients<\/div>\n<p>[\/vc_column_text][\/vc_column][\/vc_row][vc_row gap=\u00a0\u00bb2&Prime; equal_height=\u00a0\u00bbyes\u00a0\u00bb el_class=\u00a0\u00bbmg-bottom-90 sm-mg-bottom-60&Prime; css=\u00a0\u00bb.vc_custom_1668515714570{padding-top: 40px !important;padding-bottom: 40px !important;background-color: #efefef !important;}\u00a0\u00bb][vc_column width=\u00a0\u00bb1\/6&Prime;][\/vc_column][vc_column width=\u00a0\u00bb1\/3&Prime;][vc_icon icon_fontawesome=\u00a0\u00bbfas fa-eye\u00a0\u00bb color=\u00a0\u00bbcustom\u00a0\u00bb align=\u00a0\u00bbcenter\u00a0\u00bb custom_color=\u00a0\u00bb#1d3557&Prime; css=\u00a0\u00bb.vc_custom_1668515967852{margin-bottom: -0.5px !important;}\u00a0\u00bb][g5plus_heading title=\u00a0\u00bbVision\u00a0\u00bb][vc_column_text]<\/p>\n<div style=\"text-align: justify;\">Notre vision est d&rsquo;\u00eatre le principal fabricant et fournisseur fiable de nos produits chimiques au niveau r\u00e9gional et \u00e0 l&rsquo;\u00e9tranger.<\/div>\n<p>[\/vc_column_text][\/vc_column][vc_column width=\u00a0\u00bb1\/3&Prime;][vc_icon icon_fontawesome=\u00a0\u00bbfas fa-crosshairs\u00a0\u00bb color=\u00a0\u00bbcustom\u00a0\u00bb align=\u00a0\u00bbcenter\u00a0\u00bb custom_color=\u00a0\u00bb#1d3557&Prime; css=\u00a0\u00bb.vc_custom_1668515960388{margin-bottom: -0.5px !important;}\u00a0\u00bb][g5plus_heading title=\u00a0\u00bbMission\u00a0\u00bb][vc_column_text]<\/p>\n<div style=\"text-align: justify;\">\n<p>Notre mission est d&rsquo;utiliser des installations technologiques de pointe pour fournir \u00e0 nos clients des produits de qualit\u00e9 sup\u00e9rieure r\u00e9pondant aux normes internationales ainsi qu&rsquo;un service et une assistance efficaces.<\/p>\n<p><span data-mce-type=\"bookmark\" style=\"display: inline-block; width: 0px; overflow: hidden; line-height: 0;\" class=\"mce_SELRES_start\"><\/span><\/div>\n<p>[\/vc_column_text][\/vc_column][vc_column width=\u00a0\u00bb1\/6&Prime;][\/vc_column][\/vc_row][vc_row][vc_column][g5plus_heading title=\u00a0\u00bbMessage du PDG\u00a0\u00bb][\/vc_column][\/vc_row][vc_row][vc_column][vc_column_text css=\u00a0\u00bb.vc_custom_1669703400878{padding-right: 7% !important;padding-left: 7% !important;}\u00a0\u00bb]<\/p>\n<div style=\"text-align: justify;\">\n<p style=\"text-align: center;\">Engag\u00e9s envers la qualit\u00e9 et les besoins de nos clients<\/p>\n<p style=\"text-align: center;\">Lettre \u00e0 nos chers clients<\/p>\n<p style=\"text-align: center;\">La satisfaction de nos clients est notre principal objectif, et ce concept est profond\u00e9ment ancr\u00e9 dans l\u2019esprit des employ\u00e9s de la soci\u00e9t\u00e9 Adwan \u00e0 tous niveaux quand la soci\u00e9t\u00e9 limit\u00e9e Adwan d\u2019industries chimique \u00e0 d\u00e9cid\u00e9e d\u2019investir dans le domaine de production et commercialisation des produits chimiques interm\u00e9diaires et m\u00e9taux industriels qui contribuent largement \u00e0 donner une valeur ajout\u00e9e \u00e0 un large secteur d\u2019industries comme : les d\u00e9tergents, traitement des eaux, peintures, fonderie, c\u00e9ramique, verre, industrie de services p\u00e9troliers\u2026et autres elle \u00e0 ainsi apport\u00e9e les meilleures techniques pour \u00eatre capable de fournir des produits de haute qualit\u00e9 \u00e0 des prix concurrentiels elle \u00e0 peut ainsi satisfaire les besoins du march\u00e9 local, les march\u00e9s des pays du golfe, les march\u00e9s des pays arabe de voisinage avec les produits qu\u2019elle fabrique, et elle \u00e0 peut aussi exporter des quantit\u00e9s raisonnables de ses produits \u00e0 quelque pays du sud-est asiatique, l\u2019Asie centrale, le sous-continent indien, l\u2019Afrique et l\u2019Europe.<\/p>\n<p style=\"text-align: center;\">Et vue l\u2019importance de l\u2019\u00e9l\u00e9ment humain, Adwan a fait un effort et un investissement afin d\u2019attirer et former une \u00e9quipe hautement qualifi\u00e9e pour concr\u00e9tiser ses ambitions et satisfaire ses clients et offrir des opportunit\u00e9s d&#8217;emploi aux jeunes Saoudiens qualifi\u00e9s et la formation des nouveaux dipl\u00f4m\u00e9s.<\/p>\n<p style=\"text-align: center;\">Une autre priorit\u00e9 de la soci\u00e9t\u00e9 Adwan sont les pr\u00e9occupations environnementales, la s\u00e9curit\u00e9 de la population locale et de ses employ\u00e9s, en appliquant toutes les normes internationales en mati\u00e8re de syst\u00e8mes de gestion de sant\u00e9 et la s\u00e9curit\u00e9 au travail pour \u00eatre certifi\u00e9e (ISO 14001-2015) pour la s\u00e9curit\u00e9 et l\u2019environnement, et (ISO 14001-2015) pour l\u2019application du syst\u00e8me de gestion de l\u2019environnement.<\/p>\n<p style=\"text-align: center;\">La soci\u00e9t\u00e9 Adwan adopte des proc\u00e9dures document\u00e9es de travail afin de s\u2019assurer qu\u2019elle vous fournit ses produits et ses services d\u2019une mani\u00e8re satisfaisante\u2026. Qui a pour cons\u00e9quence naturelle la certification (ISO 9001:2015) pour la qualit\u00e9 globale qui refl\u00e8te clairement les politiques conscientes appliqu\u00e9es pour le contr\u00f4le de la qualit\u00e9 dans son sens le plus large, en partant des proc\u00e9dures d\u2019approvisionnement en mati\u00e8res premi\u00e8res en passant par les proc\u00e9dures de production et d\u00e9veloppement du produit et la documentation interne pour aboutir aux proc\u00e9dures de confirmation de la qualit\u00e9 des produits finales et s\u2019assurer de la satisfaction des clients lors de la r\u00e9ception des produits.<\/p>\n<p style=\"text-align: center;\">En ce qui concerne la politique de qualit\u00e9, la soci\u00e9t\u00e9 a mise en place quatre principes fondamentaux afin d\u2019atteindre ses objectifs, \u00e0 savoir :<\/p>\n<p style=\"text-align: center;\">* La qualit\u00e9 est plac\u00e9e en t\u00eate de liste des priorit\u00e9s.<\/p>\n<p style=\"text-align: center;\">* La connaissance totale des besoins des clients et garantir leurs satisfactions.<\/p>\n<p style=\"text-align: center;\">* Cr\u00e9er l\u2019orientation des employ\u00e9s de la soci\u00e9t\u00e9 vers l\u2019am\u00e9lioration de la qualit\u00e9 des produits et leurs d\u00e9veloppements et persister dans cette voie<\/p>\n<p style=\"text-align: center;\">* Atteindre la r\u00e9ussite \u00e0 travers le d\u00e9veloppement continue de la r\u00e9putation de la soci\u00e9t\u00e9 aupr\u00e8s de ses clients en satisfaisant leurs besoins<\/p>\n<p style=\"text-align: center;\">Et nous sommes s\u00fbr qu\u2019en mettant ces principes dans notre viseur, nous atteindrons les objectifs fix\u00e9s.<\/p>\n<p style=\"text-align: center;\">Nous sommes fr\u00e8res du fait que nous vous fournissons nos produits dans un temps record et au bon leu avec l&#8217;emballage requis. comme nous essayons d\u2019acc\u00e9l\u00e9rer dans la r\u00e9alisation de nos op\u00e9rations commerciales avec vous \u00e0 travers une relation de confiance mutuel et \u00e0 travers les meilleurs banques locales et internationales et ainsi ajouter une touche professionnelle nous permettant d\u2019entretenir des relations durables avec vous.<\/p>\n<p style=\"text-align: center;\">La soci\u00e9t\u00e9 Adwan \u00e0 put gr\u00e2ce \u00e0 votre participation et votre soutien et en un court laps de temps de se forger une bonne r\u00e9putation entant qu\u2019un fournisseur sp\u00e9cial et de confiance pour les produits chimiques inorganiques et les m\u00e9taux industrielles\u2026 chose qui est confirm\u00e9e par continuit\u00e9 de son travail avec ses clients en local, dans les pays arabes voisons, dans les pays du Maghreb et d\u2019autres pays Africains, Asiatiques et Europ\u00e9ens Et nous prospectant continuellement pour de nouvelles opportunit\u00e9s et de nouveaux march\u00e9s pour \u00e9tendre notre activit\u00e9 au sud-est Asiatique et en Europe.<\/p>\n<p style=\"text-align: center;\">Durant les quatre derni\u00e8res ann\u00e9es, nous nous sommes d\u00e9velopp\u00e9s horizontalement et ce en multipliant n\u00f4tre capacit\u00e9 de production pour faire face \u00e0 l\u2019augmentation de la demande sur nos produits, Durant les quatre derni\u00e8res ann\u00e9es, nous nous sommes d\u00e9velopp\u00e9s horizontalement et ce en multipliant n\u00f4tre capacit\u00e9 de production pour faire face \u00e0 l\u2019augmentation de la demande sur nos produits,<\/p>\n<p style=\"text-align: center;\">Et enfin\u2026nous serrons toujours heureux et pr\u00eat \u00e0 recevoir vos suggestions et vos id\u00e9es\u2026alors n\u2019h\u00e9sitez pas nous sugg\u00e9rer ce qui nous permettra d\u2019am\u00e9liorer nos services.<\/p>\n<p style=\"text-align: center;\">Raed Ahmed El Mazrooa<\/p>\n<p style=\"text-align: center;\">Le Directeur Executive<\/p>\n<\/div>\n<p>[\/vc_column_text][\/vc_column][\/vc_row]<\/p>\n","protected":false},"excerpt":{"rendered":"<p>[vc_row layout=\u00a0\u00bbcontainer\u00a0\u00bb equal_height=\u00a0\u00bbyes\u00a0\u00bb el_class=\u00a0\u00bbmg-bottom-90 sm-mg-bottom-60&Prime;][vc_column width=\u00a0\u00bb1\/2&Prime; el_class=\u00a0\u00bbcol-lg-6 col-md-12&Prime; css=\u00a0\u00bb.vc_custom_1664710678732{margin-top: 10px !important;}\u00a0\u00bb][g5plus_heading title=\u00a0\u00bb\u00c0 PROPOS DE LA SOCI\u00c9T\u00c9\u00a0\u00bb align=\u00a0\u00bbtext-left\u00a0\u00bb css=\u00a0\u00bb.vc_custom_1678956621289{margin-top: 40px !important;}\u00a0\u00bb][vc_column_text el_class=\u00a0\u00bbmg-bottom-30 sm-mg-bottom-30&Prime;] Adwan Chemical Industries Co. Ltd. (ACIC) La soci\u00e9t\u00e9 Adwan pour les productions chimiques est l\u2019une des soci\u00e9t\u00e9s du groupe Adwan, fond\u00e9e en 1992, les usines de la soci\u00e9t\u00e9 sont situ\u00e9es dans les villes [&hellip;]<\/p>\n","protected":false},"author":1,"featured_media":0,"parent":0,"menu_order":0,"comment_status":"closed","ping_status":"closed","template":"","meta":{"footnotes":""},"class_list":["post-2521","page","type-page","status-publish","hentry"],"_links":{"self":[{"href":"https:\/\/adwanchem.com\/fr\/wp-json\/wp\/v2\/pages\/2521","targetHints":{"allow":["GET"]}}],"collection":[{"href":"https:\/\/adwanchem.com\/fr\/wp-json\/wp\/v2\/pages"}],"about":[{"href":"https:\/\/adwanchem.com\/fr\/wp-json\/wp\/v2\/types\/page"}],"author":[{"embeddable":true,"href":"https:\/\/adwanchem.com\/fr\/wp-json\/wp\/v2\/users\/1"}],"replies":[{"embeddable":true,"href":"https:\/\/adwanchem.com\/fr\/wp-json\/wp\/v2\/comments?post=2521"}],"version-history":[{"count":7,"href":"https:\/\/adwanchem.com\/fr\/wp-json\/wp\/v2\/pages\/2521\/revisions"}],"predecessor-version":[{"id":2623,"href":"https:\/\/adwanchem.com\/fr\/wp-json\/wp\/v2\/pages\/2521\/revisions\/2623"}],"wp:attachment":[{"href":"https:\/\/adwanchem.com\/fr\/wp-json\/wp\/v2\/media?parent=2521"}],"curies":[{"name":"wp","href":"https:\/\/api.w.org\/{rel}","templated":true}]}}