{"id":2462,"date":"2016-05-19T06:50:06","date_gmt":"2016-05-19T06:50:06","guid":{"rendered":"https:\/\/adwanchem.clearvision.com.sa\/?page_id=2462"},"modified":"2023-12-21T14:25:20","modified_gmt":"2023-12-21T14:25:20","slug":"accueil","status":"publish","type":"page","link":"https:\/\/adwanchem.com\/fr\/","title":{"rendered":"Accueil"},"content":{"rendered":"<p>[vc_row][vc_column][rev_slider_vc alias=\u00a0\u00bbslider-2&Prime;][\/vc_column][\/vc_row][vc_row layout=\u00a0\u00bbcontainer-fluid\u00a0\u00bb css=\u00a0\u00bb.vc_custom_1664708315884{background-color: #ededed !important;}\u00a0\u00bb][vc_column][vc_row_inner layout=\u00a0\u00bbcontainer\u00a0\u00bb el_class=\u00a0\u00bbmg-bottom-40&Prime;][vc_column_inner css=\u00a0\u00bb.vc_custom_1665571409933{margin-top: 40px !important;}\u00a0\u00bb][g5plus_services item_amount=\u00a0\u00bb3&Prime; columns=\u00a0\u00bb3&Prime; current_page=\u00a0\u00bb1&Prime; ajax=\u00a0\u00bb0&Prime;][\/vc_column_inner][\/vc_row_inner][\/vc_column][\/vc_row][vc_row layout=\u00a0\u00bbcontainer\u00a0\u00bb equal_height=\u00a0\u00bbyes\u00a0\u00bb el_class=\u00a0\u00bbmg-bottom-90 sm-mg-bottom-60&Prime; css=\u00a0\u00bb.vc_custom_1665646055755{margin-top: 50px !important;}\u00a0\u00bb][vc_column][g5plus_heading title=\u00a0\u00bbContr\u00f4le de qualit\u00e9\u00a0\u00bb][vc_column_text css=\u00a0\u00bb.vc_custom_1703168640691{padding-bottom: 60px !important;}\u00a0\u00bb]<\/p>\n<div style=\"text-align: center;\">L&rsquo;entreprise adopte des proc\u00e9dures de travail document\u00e9es \u00e0 toutes les \u00e9tapes pour le contr\u00f4le de la qualit\u00e9 dans son sens le plus large, en partant d\u2019un choix minutieux de la mati\u00e8re premi\u00e8re et des produits buts avec des normes de qualit\u00e9 internationales, et en passant par les op\u00e9rations de fabrication et de d\u00e9veloppement des produits, pour aboutir \u00e0 la production finale qui subit des tests et contr\u00f4les de qualit\u00e9 stricts qui garantissent \u00e0 nos clients des produits \u00e0 la hauteur de leurs attentes. La soci\u00e9t\u00e9 Adwan pour la production chimique est certifi\u00e9e : &#8211; Certificat de qualit\u00e9 globale ISO 9001:2015. &#8211; Certificat de s\u00e9curit\u00e9 industrielle ISO 45001:2018. &#8211; Certificat suret\u00e9 environnementale ISO 14001:2015<\/div>\n<p>[\/vc_column_text][\/vc_column][\/vc_row][vc_row layout=\u00a0\u00bbcontainer\u00a0\u00bb equal_height=\u00a0\u00bbyes\u00a0\u00bb el_class=\u00a0\u00bbmg-bottom-90 sm-mg-bottom-60&Prime; css=\u00a0\u00bb.vc_custom_1674570460426{margin-top: -120px !important;}\u00a0\u00bb][vc_column width=\u00a0\u00bb1\/3&Prime; offset=\u00a0\u00bbvc_hidden-xs\u00a0\u00bb][vc_single_image image=\u00a0\u00bb2280&Prime; img_size=\u00a0\u00bb120&#215;150&Prime; add_caption=\u00a0\u00bbyes\u00a0\u00bb alignment=\u00a0\u00bbcenter\u00a0\u00bb onclick=\u00a0\u00bbcustom_link\u00a0\u00bb img_link_target=\u00a0\u00bb_blank\u00a0\u00bb link=\u00a0\u00bbhttps:\/\/adwanchem.com\/wp-content\/uploads\/2022\/10\/ISO-14001-Adwan-Certificate-003.pdf\u00a0\u00bb][\/vc_column][vc_column width=\u00a0\u00bb1\/3&Prime; offset=\u00a0\u00bbvc_hidden-xs\u00a0\u00bb][vc_single_image image=\u00a0\u00bb2281&Prime; img_size=\u00a0\u00bb120&#215;150&Prime; add_caption=\u00a0\u00bbyes\u00a0\u00bb alignment=\u00a0\u00bbcenter\u00a0\u00bb onclick=\u00a0\u00bbcustom_link\u00a0\u00bb img_link_target=\u00a0\u00bb_blank\u00a0\u00bb link=\u00a0\u00bbhttps:\/\/adwanchem.com\/wp-content\/uploads\/2022\/10\/ISO-45001-Adwan-Certificate-003.pdf\u00a0\u00bb][\/vc_column][vc_column width=\u00a0\u00bb1\/3&Prime; offset=\u00a0\u00bbvc_hidden-xs\u00a0\u00bb][vc_single_image image=\u00a0\u00bb2282&Prime; img_size=\u00a0\u00bb120&#215;150&Prime; add_caption=\u00a0\u00bbyes\u00a0\u00bb alignment=\u00a0\u00bbcenter\u00a0\u00bb onclick=\u00a0\u00bbcustom_link\u00a0\u00bb img_link_target=\u00a0\u00bb_blank\u00a0\u00bb link=\u00a0\u00bbhttps:\/\/adwanchem.com\/wp-content\/uploads\/2022\/10\/Quality-ISO-9001-2015-Certificate-EXPIRY-2-Oct-2024.pdf\u00a0\u00bb][\/vc_column][\/vc_row][vc_row layout=\u00a0\u00bbcontainer\u00a0\u00bb equal_height=\u00a0\u00bbyes\u00a0\u00bb el_class=\u00a0\u00bbmg-bottom-90 sm-mg-bottom-60&Prime;][vc_column width=\u00a0\u00bb1\/6&Prime; offset=\u00a0\u00bbvc_hidden-lg vc_hidden-md vc_hidden-sm\u00a0\u00bb][vc_single_image image=\u00a0\u00bb2280&Prime; img_size=\u00a0\u00bb120&#215;150&Prime; add_caption=\u00a0\u00bbyes\u00a0\u00bb alignment=\u00a0\u00bbcenter\u00a0\u00bb onclick=\u00a0\u00bbcustom_link\u00a0\u00bb img_link_target=\u00a0\u00bb_blank\u00a0\u00bb link=\u00a0\u00bbhttps:\/\/adwanchem.com\/wp-content\/uploads\/2022\/10\/ISO-14001-Adwan-Certificate-003.pdf\u00a0\u00bb][\/vc_column][vc_column width=\u00a0\u00bb1\/6&Prime; offset=\u00a0\u00bbvc_hidden-lg vc_hidden-md vc_hidden-sm\u00a0\u00bb][vc_single_image image=\u00a0\u00bb2281&Prime; img_size=\u00a0\u00bb120&#215;150&Prime; add_caption=\u00a0\u00bbyes\u00a0\u00bb alignment=\u00a0\u00bbcenter\u00a0\u00bb onclick=\u00a0\u00bbcustom_link\u00a0\u00bb img_link_target=\u00a0\u00bb_blank\u00a0\u00bb link=\u00a0\u00bbhttps:\/\/adwanchem.com\/wp-content\/uploads\/2022\/10\/ISO-45001-Adwan-Certificate-003.pdf\u00a0\u00bb][\/vc_column][vc_column width=\u00a0\u00bb1\/6&Prime; offset=\u00a0\u00bbvc_hidden-lg vc_hidden-md vc_hidden-sm\u00a0\u00bb][vc_single_image image=\u00a0\u00bb2282&Prime; img_size=\u00a0\u00bb120&#215;150&Prime; add_caption=\u00a0\u00bbyes\u00a0\u00bb alignment=\u00a0\u00bbcenter\u00a0\u00bb onclick=\u00a0\u00bbcustom_link\u00a0\u00bb img_link_target=\u00a0\u00bb_blank\u00a0\u00bb link=\u00a0\u00bbhttps:\/\/adwanchem.com\/wp-content\/uploads\/2022\/10\/Quality-ISO-9001-2015-Certificate-EXPIRY-2-Oct-2024.pdf\u00a0\u00bb][\/vc_column][\/vc_row][vc_row layout=\u00a0\u00bbcontainer\u00a0\u00bb equal_height=\u00a0\u00bbyes\u00a0\u00bb el_class=\u00a0\u00bbmg-bottom-90 sm-mg-bottom-60&Prime;][vc_column][g5plus_heading title=\u00a0\u00bbSatisfaction du client\u00a0\u00bb][vc_column_text css=\u00a0\u00bb.vc_custom_1703168718442{padding-bottom: 60px !important;}\u00a0\u00bb]<\/p>\n<div style=\"text-align: center;\">est le principal objectif d&rsquo;ACIC. Ce fait est d&rsquo;une grande notori\u00e9t\u00e9 \u00e0 tous les niveaux de l&rsquo;entreprise. La qualit\u00e9, la r\u00e9gularit\u00e9 et la fiabilit\u00e9 de l&rsquo;approvisionnement des produits ACIC sont les points forts de l&rsquo;entreprise. Le principal contributeur \u00e0 ces atouts est le fait que les op\u00e9rations d&rsquo;ACIC sont int\u00e9gr\u00e9es verticalement \u00e0 partir du sable de silice industriel brut des propres mines de l&rsquo;entreprise, o\u00f9 il y a un avantage cl\u00e9 \u00e0 la capacit\u00e9 de l&rsquo;entreprise \u00e0 contr\u00f4ler la qualit\u00e9 et la coh\u00e9rence de ses produits, et la fiabilit\u00e9 de l&rsquo;approvisionnement. \u00e0 ses clients. L&rsquo;entreprise est ouverte aux nouvelles id\u00e9es et suggestions qui aideront \u00e0 s&rsquo;adapter \u00e0 l&rsquo;\u00e9volution des besoins et vous offriront des produits et services encore meilleurs.<\/div>\n<p>[\/vc_column_text][g5plus_heading][g5plus_heading title=\u00a0\u00bbMessage du PDG\u00a0\u00bb][vc_column_text]<\/p>\n<div style=\"text-align: justify;\">\n<p style=\"text-align: center;\">Lettre \u00e0 nos chers clients<\/p>\n<p style=\"text-align: center;\">La satisfaction de nos clients est notre principal objectif, et ce concept est profond\u00e9ment ancr\u00e9 dans l\u2019esprit des employ\u00e9s de la soci\u00e9t\u00e9 Adwan \u00e0 tous niveaux quand la soci\u00e9t\u00e9 limit\u00e9e Adwan d\u2019industries chimique \u00e0 d\u00e9cid\u00e9e d\u2019investir dans le domaine de production et commercialisation des produits chimiques interm\u00e9diaires et m\u00e9taux industriels qui contribuent largement \u00e0 donner une valeur ajout\u00e9e \u00e0 un large secteur d\u2019industries comme : les d\u00e9tergents, traitement des eaux, peintures, fonderie, c\u00e9ramique, verre, industrie de services p\u00e9troliers\u2026et autres elle \u00e0 ainsi apport\u00e9e les meilleures techniques pour \u00eatre capable de fournir des produits de haute qualit\u00e9 \u00e0 des prix concurrentiels elle \u00e0 peut ainsi satisfaire les besoins du march\u00e9 local, les march\u00e9s des pays du golfe, les march\u00e9s des pays arabe de voisinage avec les produits qu\u2019elle fabrique, et elle \u00e0 peut aussi exporter des quantit\u00e9s raisonnables de ses produits \u00e0 quelque pays du sud-est asiatique, l\u2019Asie centrale, le sous-continent indien, l\u2019Afrique et l\u2019Europe.<\/p>\n<\/div>\n<p>[\/vc_column_text][\/vc_column][\/vc_row][vc_row overlay_mode=\u00a0\u00bbcolor\u00a0\u00bb el_class=\u00a0\u00bbpd-top-90 pd-bottom-90&Prime; css=\u00a0\u00bb.vc_custom_1666853409803{padding-bottom: 200px !important;background-image: url(https:\/\/adwanchem.com\/wp-content\/uploads\/2022\/10\/Untitled-1-01-2.png?id=1737) !important;background-position: center !important;background-repeat: no-repeat !important;background-size: cover !important;}\u00a0\u00bb][vc_column][vc_row_inner layout=\u00a0\u00bbcontainer\u00a0\u00bb css=\u00a0\u00bb.vc_custom_1666854525361{margin-top: -50px !important;}\u00a0\u00bb][vc_column_inner width=\u00a0\u00bb1\/12&Prime;][vc_empty_space height=\u00a0\u00bb1px\u00a0\u00bb][\/vc_column_inner][vc_column_inner offset=\u00a0\u00bbvc_col-lg-10&Prime;][g5plus_heading title=\u00a0\u00bbEmballage\u00a0\u00bb color_schema=\u00a0\u00bblight\u00a0\u00bb][vc_custom_heading text=\u00a0\u00bbSable de silice et farine de silice\u00a0\u00bb font_container=\u00a0\u00bbtag:h5|text_align:center|color:%23ffcb55&Prime; use_theme_fonts=\u00a0\u00bbyes\u00a0\u00bb][\/vc_column_inner][vc_column_inner width=\u00a0\u00bb1\/12&Prime;][vc_empty_space height=\u00a0\u00bb1px\u00a0\u00bb][\/vc_column_inner][\/vc_row_inner][vc_column_text css=\u00a0\u00bb.vc_custom_1669708116456{padding-right: 50px !important;padding-left: 50px !important;}\u00a0\u00bb]<\/p>\n<p style=\"text-align: center;\"><span style=\"color: #ffffff;\">est disponible en sacs plastique et papier respectivement de diff\u00e9rentes capacit\u00e9s 25 et 50 Kg<\/span><\/p>\n<p>[\/vc_column_text][vc_column_text css=\u00a0\u00bb.vc_custom_1669708129953{padding-right: 50px !important;padding-left: 50px !important;}\u00a0\u00bb]<\/p>\n<p style=\"text-align: center;\"><span style=\"color: #ffffff;\">et dans des sacs jumbo en polypropyl\u00e8ne de 500, 1000, 1200, 1500 et 2000 kg et en vrac dans des r\u00e9cipients sous pression de 25 000 kg.<\/span><\/p>\n<p>[\/vc_column_text][vc_custom_heading text=\u00a0\u00bbSilicate de sodium\u00a0\u00bb font_container=\u00a0\u00bbtag:h5|text_align:center|color:%23ffcb55&Prime; use_theme_fonts=\u00a0\u00bbyes\u00a0\u00bb css=\u00a0\u00bb.vc_custom_1669708090890{margin-top: 20px !important;margin-bottom: -30px !important;}\u00a0\u00bb][vc_column_text css=\u00a0\u00bb.vc_custom_1669708136122{margin-top: 40px !important;padding-right: 50px !important;padding-left: 50px !important;}\u00a0\u00bb]<\/p>\n<p style=\"text-align: center;\"><span style=\"color: #ffffff;\">solid est disponible en sacs jumbo en polypropyl\u00e8ne de 500, 800, 1000 et 1200 kg. La solution est disponible en f\u00fbt acier et plastique de 208 litres, IBC de 1 <sup>M3<\/sup> et camion citerne de 25 000 kg.<\/span><\/p>\n<p>[\/vc_column_text][g5plus_heading][\/vc_column][\/vc_row][vc_row layout=\u00a0\u00bbcontainer\u00a0\u00bb content_placement=\u00a0\u00bbtop\u00a0\u00bb overlay_mode=\u00a0\u00bbcolor\u00a0\u00bb css=\u00a0\u00bb.vc_custom_1674399821471{margin-top: -150px !important;padding-left: 250px !important;background-position: center !important;background-repeat: no-repeat !important;background-size: cover !important;}\u00a0\u00bb][vc_column width=\u00a0\u00bb1\/12&Prime; css=\u00a0\u00bb.vc_custom_1674559614132{margin-top: -20px !important;}\u00a0\u00bb offset=\u00a0\u00bbvc_hidden-xs\u00a0\u00bb][vc_images_carousel images=\u00a0\u00bb2302,2301,2300,2299&Prime; img_size=\u00a0\u00bb650X400&Prime; speed=\u00a0\u00bb3000&Prime; autoplay=\u00a0\u00bbyes\u00a0\u00bb css=\u00a0\u00bb.vc_custom_1666854618525{margin-top: 0px !important;}\u00a0\u00bb][\/vc_column][\/vc_row][vc_row layout=\u00a0\u00bbcontainer\u00a0\u00bb content_placement=\u00a0\u00bbtop\u00a0\u00bb overlay_mode=\u00a0\u00bbcolor\u00a0\u00bb css=\u00a0\u00bb.vc_custom_1674559804865{margin-top: -150px !important;background-position: center !important;background-repeat: no-repeat !important;background-size: cover !important;}\u00a0\u00bb][vc_column width=\u00a0\u00bb1\/12&Prime; css=\u00a0\u00bb.vc_custom_1674559621798{margin-top: -20px !important;}\u00a0\u00bb offset=\u00a0\u00bbvc_hidden-lg vc_hidden-md vc_hidden-sm\u00a0\u00bb][vc_images_carousel images=\u00a0\u00bb2302,2301,2300,2299&Prime; img_size=\u00a0\u00bb370X300&Prime; speed=\u00a0\u00bb3000&Prime; autoplay=\u00a0\u00bbyes\u00a0\u00bb css=\u00a0\u00bb.vc_custom_1674560069171{margin-top: 0px !important;}\u00a0\u00bb][\/vc_column][\/vc_row][vc_row layout=\u00a0\u00bbcontainer\u00a0\u00bb el_class=\u00a0\u00bbmg-top-60 mg-bottom-60&Prime;][vc_column][g5plus_heading title=\u00a0\u00bbNos partenaires\u00a0\u00bb el_class=\u00a0\u00bbmg-bottom-50 sm-mg-bottom-30&Prime;][g5plus_partner layout=\u00a0\u00bbwith-border\u00a0\u00bb items=\u00a0\u00bb6&Prime; is_slider=\u00a0\u00bbyes\u00a0\u00bb partners=\u00a0\u00bb%5B%7B%22images%22%3A%221773%22%2C%22url%22%3A%22%23%22%7D%2C%7B%22images%22%3A%221775%22%2C%22url%22%3A%22%23%22%7D%2C%7B%22images%22%3A%221777%22%2C%22url%22%3A%22%23%22%7D%2C%7B%22images%22%3A%221779%22%2C%22url%22%3A%22%23%22%7D%2C%7B%22images%22%3A%221781%22%2C%22url%22%3A%22%23%22%7D%2C%7B%22images%22%3A%221783%22%2C%22url%22%3A%22%23%22%7D%2C%7B%22images%22%3A%221785%22%2C%22url%22%3A%22%23%22%7D%2C%7B%22images%22%3A%221787%22%2C%22url%22%3A%22%23%22%7D%2C%7B%22images%22%3A%221789%22%2C%22url%22%3A%22%23%22%7D%2C%7B%22images%22%3A%221791%22%2C%22url%22%3A%22%23%22%7D%2C%7B%22images%22%3A%221793%22%2C%22url%22%3A%22%23%22%7D%2C%7B%22images%22%3A%221795%22%2C%22url%22%3A%22%23%22%7D%2C%7B%22images%22%3A%221797%22%2C%22url%22%3A%22%23%22%7D%2C%7B%22images%22%3A%221799%22%2C%22url%22%3A%22%23%22%7D%2C%7B%22images%22%3A%221803%22%2C%22url%22%3A%22%23%22%7D%2C%7B%22images%22%3A%221801%22%2C%22url%22%3A%22%23%22%7D%2C%7B%22images%22%3A%221805%22%2C%22url%22%3A%22%23%22%7D%5D\u00a0\u00bb][\/vc_column][\/vc_row]<\/p>\n","protected":false},"excerpt":{"rendered":"<p>[vc_row][vc_column][rev_slider_vc alias=\u00a0\u00bbslider-2&Prime;][\/vc_column][\/vc_row][vc_row layout=\u00a0\u00bbcontainer-fluid\u00a0\u00bb css=\u00a0\u00bb.vc_custom_1664708315884{background-color: #ededed !important;}\u00a0\u00bb][vc_column][vc_row_inner layout=\u00a0\u00bbcontainer\u00a0\u00bb el_class=\u00a0\u00bbmg-bottom-40&Prime;][vc_column_inner css=\u00a0\u00bb.vc_custom_1665571409933{margin-top: 40px !important;}\u00a0\u00bb][g5plus_services item_amount=\u00a0\u00bb3&Prime; columns=\u00a0\u00bb3&Prime; current_page=\u00a0\u00bb1&Prime; ajax=\u00a0\u00bb0&Prime;][\/vc_column_inner][\/vc_row_inner][\/vc_column][\/vc_row][vc_row layout=\u00a0\u00bbcontainer\u00a0\u00bb equal_height=\u00a0\u00bbyes\u00a0\u00bb el_class=\u00a0\u00bbmg-bottom-90 sm-mg-bottom-60&Prime; css=\u00a0\u00bb.vc_custom_1665646055755{margin-top: 50px !important;}\u00a0\u00bb][vc_column][g5plus_heading title=\u00a0\u00bbContr\u00f4le de qualit\u00e9\u00a0\u00bb][vc_column_text css=\u00a0\u00bb.vc_custom_1703168640691{padding-bottom: 60px !important;}\u00a0\u00bb] L&rsquo;entreprise adopte des proc\u00e9dures de travail document\u00e9es \u00e0 toutes les \u00e9tapes pour le contr\u00f4le de la qualit\u00e9 dans son sens le plus large, en partant d\u2019un choix [&hellip;]<\/p>\n","protected":false},"author":1,"featured_media":0,"parent":0,"menu_order":0,"comment_status":"closed","ping_status":"closed","template":"","meta":{"footnotes":""},"class_list":["post-2462","page","type-page","status-publish","hentry"],"_links":{"self":[{"href":"https:\/\/adwanchem.com\/fr\/wp-json\/wp\/v2\/pages\/2462","targetHints":{"allow":["GET"]}}],"collection":[{"href":"https:\/\/adwanchem.com\/fr\/wp-json\/wp\/v2\/pages"}],"about":[{"href":"https:\/\/adwanchem.com\/fr\/wp-json\/wp\/v2\/types\/page"}],"author":[{"embeddable":true,"href":"https:\/\/adwanchem.com\/fr\/wp-json\/wp\/v2\/users\/1"}],"replies":[{"embeddable":true,"href":"https:\/\/adwanchem.com\/fr\/wp-json\/wp\/v2\/comments?post=2462"}],"version-history":[{"count":18,"href":"https:\/\/adwanchem.com\/fr\/wp-json\/wp\/v2\/pages\/2462\/revisions"}],"predecessor-version":[{"id":2654,"href":"https:\/\/adwanchem.com\/fr\/wp-json\/wp\/v2\/pages\/2462\/revisions\/2654"}],"wp:attachment":[{"href":"https:\/\/adwanchem.com\/fr\/wp-json\/wp\/v2\/media?parent=2462"}],"curies":[{"name":"wp","href":"https:\/\/api.w.org\/{rel}","templated":true}]}}